{"id":100,"date":"2023-03-15T15:28:52","date_gmt":"2023-03-15T15:28:52","guid":{"rendered":"https:\/\/demo.opus-international.fr\/?page_id=100"},"modified":"2024-01-03T16:17:12","modified_gmt":"2024-01-03T16:17:12","slug":"home","status":"publish","type":"page","link":"https:\/\/demo.opus-international.fr\/fr\/","title":{"rendered":"Home"},"content":{"rendered":"<section class=\"section\" id=\"section_1435638941\">\n\t\t<div class=\"bg section-bg fill bg-fill  bg-loaded\" >\n\n\t\t\t\n\t\t\t\n\t\t\t\n\n\t\t<\/div>\n\n\t\t\n\n\t\t<div class=\"section-content relative\">\n\t\t\t <div class=\"row align-middle align-center\"  id=\"row-2113119630\"> \n\t<div id=\"col-1530765363\" class=\"col small-12 large-12\"  >\n\t\t\t\t<div class=\"col-inner text-center\"  >\n\t\t\t\n\t\t\t \t<div id=\"text-1507292734\" class=\"text\">\n\t\t\r\n<h1>Si vous souhaitez l'acc\u00e8s \u00e0 une d\u00e9monstration de portail client, veuillez nous contacter.<\/h1>\r\n<h1><a href=\"mailto:contact@opus-international.fr\">contact@opus-international.fr<\/a><\/h1>\r\n\t\t\n<style>\n#text-1507292734 {\n  text-align: center;\n}\n<\/style>\n\t<\/div>\n\t \t\t<\/div>\n\t\t\t\t\t<\/div>\n\n\t <\/div> \t\t<\/div>\n\n\t\t\n<style>\n#section_1435638941 {\n  padding-top: 60px;\n  padding-bottom: 60px;\n  min-height: 300px;\n  background-color: rgb(245, 245, 245);\n}\n#section_1435638941 .ux-shape-divider--top svg {\n  height: 150px;\n  --divider-top-width: 100%;\n}\n#section_1435638941 .ux-shape-divider--bottom svg {\n  height: 150px;\n  --divider-width: 100%;\n}\n<\/style>\n\t<\/section>","protected":false},"excerpt":{"rendered":"","protected":false},"author":1,"featured_media":0,"parent":0,"menu_order":0,"comment_status":"closed","ping_status":"closed","template":"","meta":{"footnotes":""},"class_list":["post-100","page","type-page","status-publish","hentry"],"acf":[],"_links":{"self":[{"href":"https:\/\/demo.opus-international.fr\/fr\/wp-json\/wp\/v2\/pages\/100","targetHints":{"allow":["GET"]}}],"collection":[{"href":"https:\/\/demo.opus-international.fr\/fr\/wp-json\/wp\/v2\/pages"}],"about":[{"href":"https:\/\/demo.opus-international.fr\/fr\/wp-json\/wp\/v2\/types\/page"}],"author":[{"embeddable":true,"href":"https:\/\/demo.opus-international.fr\/fr\/wp-json\/wp\/v2\/users\/1"}],"replies":[{"embeddable":true,"href":"https:\/\/demo.opus-international.fr\/fr\/wp-json\/wp\/v2\/comments?post=100"}],"version-history":[{"count":12,"href":"https:\/\/demo.opus-international.fr\/fr\/wp-json\/wp\/v2\/pages\/100\/revisions"}],"predecessor-version":[{"id":184,"href":"https:\/\/demo.opus-international.fr\/fr\/wp-json\/wp\/v2\/pages\/100\/revisions\/184"}],"wp:attachment":[{"href":"https:\/\/demo.opus-international.fr\/fr\/wp-json\/wp\/v2\/media?parent=100"}],"curies":[{"name":"wp","href":"https:\/\/api.w.org\/{rel}","templated":true}]}}